{"id":7047,"date":"2024-10-01T10:46:53","date_gmt":"2024-10-01T10:46:53","guid":{"rendered":"https:\/\/romanticcavehotel.com\/?page_id=7047"},"modified":"2026-04-07T21:32:54","modified_gmt":"2026-04-07T21:32:54","slug":"etkinlikler","status":"publish","type":"page","link":"https:\/\/romanticcavehotel.com\/index.php\/etkinlikler\/","title":{"rendered":"Etkinlikler"},"content":{"rendered":"\t\t<div data-elementor-type=\"wp-post\" data-elementor-id=\"7047\" class=\"elementor elementor-7047\">\n\t\t\t\t\t\t<section class=\"elementor-section elementor-top-section elementor-element elementor-element-bfcb773 elementor-section-boxed elementor-section-height-default elementor-section-height-default\" data-id=\"bfcb773\" data-element_type=\"section\">\n\t\t\t\t\t\t<div class=\"elementor-container elementor-column-gap-default\">\n\t\t\t\t\t<div class=\"elementor-column elementor-col-33 elementor-top-column elementor-element elementor-element-1566bdd\" data-id=\"1566bdd\" data-element_type=\"column\">\n\t\t\t<div class=\"elementor-widget-wrap elementor-element-populated\">\n\t\t\t\t\t\t<div class=\"elementor-element elementor-element-e9ed588 elementor-widget elementor-widget-ova_service\" data-id=\"e9ed588\" data-element_type=\"widget\" data-settings=\"{&quot;active_background_ver_4&quot;:&quot;yes&quot;,&quot;service_border_hover_ver_4&quot;:&quot;no&quot;,&quot;active_background_mobile_ver_4&quot;:&quot;no&quot;}\" data-widget_type=\"ova_service.default\">\n\t\t\t\t<div class=\"elementor-widget-container\">\n\t\t\t\t\t\t<div class=\"ova-service service_version_4\" style=\"background-image: url(https:\/\/romanticcavehotel.com\/wp-content\/uploads\/2024\/10\/gunluk-gezi.jpg); min-height:270px \">\n\t\t\t\t<a id=\"etkinlik-tiklanabilirlik\" href=\"#\"  class=\"overlay  active-background \">\n\t\t\t\t\t<div class=\"content\">\n\t\t\t\t\t\t<div class=\"icon-service\">\n\t\t\t\t\t\t\t<i class=\"\"><\/i>\n\t\t\t\t\t\t<\/div>\n\t\t\t\t\t\t<h3 class=\"service-title second_font\">G\u00fcnl\u00fck Gezi<\/h3>\n\t\t\t\t\t\t\t\t\t\t\t<\/div>\n\t\t\t\t<\/a>\n\t\t\t<\/div>\n\n\t\t\t\t<\/div>\n\t\t\t\t<\/div>\n\t\t\t\t\t<\/div>\n\t\t<\/div>\n\t\t\t\t<div class=\"elementor-column elementor-col-33 elementor-top-column elementor-element elementor-element-c09432f\" data-id=\"c09432f\" data-element_type=\"column\">\n\t\t\t<div class=\"elementor-widget-wrap elementor-element-populated\">\n\t\t\t\t\t\t<div class=\"elementor-element elementor-element-ccd4386 elementor-widget elementor-widget-ova_service\" data-id=\"ccd4386\" data-element_type=\"widget\" data-settings=\"{&quot;active_background_ver_4&quot;:&quot;yes&quot;,&quot;service_border_hover_ver_4&quot;:&quot;no&quot;,&quot;active_background_mobile_ver_4&quot;:&quot;no&quot;}\" data-widget_type=\"ova_service.default\">\n\t\t\t\t<div class=\"elementor-widget-container\">\n\t\t\t\t\t\t<div class=\"ova-service service_version_4\" style=\"background-image: url(https:\/\/romanticcavehotel.com\/wp-content\/uploads\/2024\/10\/masaj-servisi-2.jpg); min-height:270px \">\n\t\t\t\t<a id=\"etkinlik-tiklanabilirlik\" href=\"\"  target=&quot;_blank&quot; class=\"overlay  active-background \">\n\t\t\t\t\t<div class=\"content\">\n\t\t\t\t\t\t<div class=\"icon-service\">\n\t\t\t\t\t\t\t<i class=\"\"><\/i>\n\t\t\t\t\t\t<\/div>\n\t\t\t\t\t\t<h3 class=\"service-title second_font\">Masaj Servisi<\/h3>\n\t\t\t\t\t\t\t\t\t\t\t<\/div>\n\t\t\t\t<\/a>\n\t\t\t<\/div>\n\n\t\t\t\t<\/div>\n\t\t\t\t<\/div>\n\t\t\t\t\t<\/div>\n\t\t<\/div>\n\t\t\t\t<div class=\"elementor-column elementor-col-33 elementor-top-column elementor-element elementor-element-9f15856\" data-id=\"9f15856\" data-element_type=\"column\">\n\t\t\t<div class=\"elementor-widget-wrap elementor-element-populated\">\n\t\t\t\t\t\t<div class=\"elementor-element elementor-element-0f9a96e elementor-widget elementor-widget-ova_service\" data-id=\"0f9a96e\" data-element_type=\"widget\" data-settings=\"{&quot;active_background_ver_4&quot;:&quot;yes&quot;,&quot;service_border_hover_ver_4&quot;:&quot;no&quot;,&quot;active_background_mobile_ver_4&quot;:&quot;no&quot;}\" data-widget_type=\"ova_service.default\">\n\t\t\t\t<div class=\"elementor-widget-container\">\n\t\t\t\t\t\t<div class=\"ova-service service_version_4\" style=\"background-image: url(https:\/\/romanticcavehotel.com\/wp-content\/uploads\/2024\/10\/piknik-2.jpg); min-height:270px \">\n\t\t\t\t<a id=\"etkinlik-tiklanabilirlik\" href=\"\"  target=&quot;_blank&quot; class=\"overlay  active-background \">\n\t\t\t\t\t<div class=\"content\">\n\t\t\t\t\t\t<div class=\"icon-service\">\n\t\t\t\t\t\t\t<i class=\"\"><\/i>\n\t\t\t\t\t\t<\/div>\n\t\t\t\t\t\t<h3 class=\"service-title second_font\">Piknik<\/h3>\n\t\t\t\t\t\t\t\t\t\t\t<\/div>\n\t\t\t\t<\/a>\n\t\t\t<\/div>\n\n\t\t\t\t<\/div>\n\t\t\t\t<\/div>\n\t\t\t\t\t<\/div>\n\t\t<\/div>\n\t\t\t\t\t<\/div>\n\t\t<\/section>\n\t\t\t\t<section class=\"elementor-section elementor-top-section elementor-element elementor-element-79214f4 elementor-section-boxed elementor-section-height-default elementor-section-height-default\" data-id=\"79214f4\" data-element_type=\"section\">\n\t\t\t\t\t\t<div class=\"elementor-container elementor-column-gap-default\">\n\t\t\t\t\t<div class=\"elementor-column elementor-col-33 elementor-top-column elementor-element elementor-element-4f04bc8\" data-id=\"4f04bc8\" data-element_type=\"column\">\n\t\t\t<div class=\"elementor-widget-wrap elementor-element-populated\">\n\t\t\t\t\t\t<div class=\"elementor-element elementor-element-92b4b14 elementor-widget elementor-widget-ova_service\" data-id=\"92b4b14\" data-element_type=\"widget\" data-settings=\"{&quot;active_background_ver_4&quot;:&quot;yes&quot;,&quot;service_border_hover_ver_4&quot;:&quot;no&quot;,&quot;active_background_mobile_ver_4&quot;:&quot;no&quot;}\" data-widget_type=\"ova_service.default\">\n\t\t\t\t<div class=\"elementor-widget-container\">\n\t\t\t\t\t\t<div class=\"ova-service service_version_4\" style=\"background-image: url(https:\/\/romanticcavehotel.com\/wp-content\/uploads\/2024\/10\/balon-turu-2.jpg); min-height:270px \">\n\t\t\t\t<a id=\"etkinlik-tiklanabilirlik\" href=\"\"  target=&quot;_blank&quot; class=\"overlay  active-background \">\n\t\t\t\t\t<div class=\"content\">\n\t\t\t\t\t\t<div class=\"icon-service\">\n\t\t\t\t\t\t\t<i class=\"\"><\/i>\n\t\t\t\t\t\t<\/div>\n\t\t\t\t\t\t<h3 class=\"service-title second_font\">Balon Turu<\/h3>\n\t\t\t\t\t\t\t\t\t\t\t<\/div>\n\t\t\t\t<\/a>\n\t\t\t<\/div>\n\n\t\t\t\t<\/div>\n\t\t\t\t<\/div>\n\t\t\t\t\t<\/div>\n\t\t<\/div>\n\t\t\t\t<div class=\"elementor-column elementor-col-33 elementor-top-column elementor-element elementor-element-ccafd62\" data-id=\"ccafd62\" data-element_type=\"column\">\n\t\t\t<div class=\"elementor-widget-wrap elementor-element-populated\">\n\t\t\t\t\t\t<div class=\"elementor-element elementor-element-e862cb6 elementor-widget elementor-widget-ova_service\" data-id=\"e862cb6\" data-element_type=\"widget\" data-settings=\"{&quot;active_background_ver_4&quot;:&quot;yes&quot;,&quot;service_border_hover_ver_4&quot;:&quot;no&quot;,&quot;active_background_mobile_ver_4&quot;:&quot;no&quot;}\" data-widget_type=\"ova_service.default\">\n\t\t\t\t<div class=\"elementor-widget-container\">\n\t\t\t\t\t\t<div class=\"ova-service service_version_4\" style=\"background-image: url(https:\/\/romanticcavehotel.com\/wp-content\/uploads\/2024\/10\/at-turu-2.jpg); min-height:270px \">\n\t\t\t\t<a id=\"etkinlik-tiklanabilirlik\" href=\"\"  target=&quot;_blank&quot; class=\"overlay  active-background \">\n\t\t\t\t\t<div class=\"content\">\n\t\t\t\t\t\t<div class=\"icon-service\">\n\t\t\t\t\t\t\t<i class=\"\"><\/i>\n\t\t\t\t\t\t<\/div>\n\t\t\t\t\t\t<h3 class=\"service-title second_font\">At Turu<\/h3>\n\t\t\t\t\t\t\t\t\t\t\t<\/div>\n\t\t\t\t<\/a>\n\t\t\t<\/div>\n\n\t\t\t\t<\/div>\n\t\t\t\t<\/div>\n\t\t\t\t\t<\/div>\n\t\t<\/div>\n\t\t\t\t<div class=\"elementor-column elementor-col-33 elementor-top-column elementor-element elementor-element-42a7e4c\" data-id=\"42a7e4c\" data-element_type=\"column\">\n\t\t\t<div class=\"elementor-widget-wrap elementor-element-populated\">\n\t\t\t\t\t\t<div class=\"elementor-element elementor-element-baaada2 elementor-widget elementor-widget-ova_service\" data-id=\"baaada2\" data-element_type=\"widget\" data-settings=\"{&quot;active_background_ver_4&quot;:&quot;yes&quot;,&quot;service_border_hover_ver_4&quot;:&quot;no&quot;,&quot;active_background_mobile_ver_4&quot;:&quot;no&quot;}\" data-widget_type=\"ova_service.default\">\n\t\t\t\t<div class=\"elementor-widget-container\">\n\t\t\t\t\t\t<div class=\"ova-service service_version_4\" style=\"background-image: url(https:\/\/romanticcavehotel.com\/wp-content\/uploads\/2024\/10\/seramik-kursu.jpg); min-height:270px \">\n\t\t\t\t<a id=\"etkinlik-tiklanabilirlik\" href=\"\"  target=&quot;_blank&quot; class=\"overlay  active-background \">\n\t\t\t\t\t<div class=\"content\">\n\t\t\t\t\t\t<div class=\"icon-service\">\n\t\t\t\t\t\t\t<i class=\"\"><\/i>\n\t\t\t\t\t\t<\/div>\n\t\t\t\t\t\t<h3 class=\"service-title second_font\">Seramik Kursu<\/h3>\n\t\t\t\t\t\t\t\t\t\t\t<\/div>\n\t\t\t\t<\/a>\n\t\t\t<\/div>\n\n\t\t\t\t<\/div>\n\t\t\t\t<\/div>\n\t\t\t\t\t<\/div>\n\t\t<\/div>\n\t\t\t\t\t<\/div>\n\t\t<\/section>\n\t\t\t\t<section class=\"elementor-section elementor-top-section elementor-element elementor-element-4bb878b elementor-section-boxed elementor-section-height-default elementor-section-height-default\" data-id=\"4bb878b\" data-element_type=\"section\">\n\t\t\t\t\t\t<div class=\"elementor-container elementor-column-gap-default\">\n\t\t\t\t\t<div class=\"elementor-column elementor-col-33 elementor-top-column elementor-element elementor-element-41ccb8e\" data-id=\"41ccb8e\" data-element_type=\"column\">\n\t\t\t<div class=\"elementor-widget-wrap elementor-element-populated\">\n\t\t\t\t\t\t<div class=\"elementor-element elementor-element-1ddade2 elementor-widget elementor-widget-ova_service\" data-id=\"1ddade2\" data-element_type=\"widget\" data-settings=\"{&quot;active_background_ver_4&quot;:&quot;yes&quot;,&quot;service_border_hover_ver_4&quot;:&quot;no&quot;,&quot;active_background_mobile_ver_4&quot;:&quot;no&quot;}\" data-widget_type=\"ova_service.default\">\n\t\t\t\t<div class=\"elementor-widget-container\">\n\t\t\t\t\t\t<div class=\"ova-service service_version_4\" style=\"background-image: url(https:\/\/romanticcavehotel.com\/wp-content\/uploads\/2024\/10\/atv-turu.jpg); min-height:270px \">\n\t\t\t\t<a id=\"etkinlik-tiklanabilirlik\" href=\"\"  target=&quot;_blank&quot; class=\"overlay  active-background \">\n\t\t\t\t\t<div class=\"content\">\n\t\t\t\t\t\t<div class=\"icon-service\">\n\t\t\t\t\t\t\t<i class=\"\"><\/i>\n\t\t\t\t\t\t<\/div>\n\t\t\t\t\t\t<h3 class=\"service-title second_font\">Atv Turu<\/h3>\n\t\t\t\t\t\t\t\t\t\t\t<\/div>\n\t\t\t\t<\/a>\n\t\t\t<\/div>\n\n\t\t\t\t<\/div>\n\t\t\t\t<\/div>\n\t\t\t\t\t<\/div>\n\t\t<\/div>\n\t\t\t\t<div class=\"elementor-column elementor-col-33 elementor-top-column elementor-element elementor-element-e862736\" data-id=\"e862736\" data-element_type=\"column\">\n\t\t\t<div class=\"elementor-widget-wrap elementor-element-populated\">\n\t\t\t\t\t\t<div class=\"elementor-element elementor-element-5564114 elementor-widget elementor-widget-ova_service\" data-id=\"5564114\" data-element_type=\"widget\" data-settings=\"{&quot;active_background_ver_4&quot;:&quot;yes&quot;,&quot;service_border_hover_ver_4&quot;:&quot;no&quot;,&quot;active_background_mobile_ver_4&quot;:&quot;no&quot;}\" data-widget_type=\"ova_service.default\">\n\t\t\t\t<div class=\"elementor-widget-container\">\n\t\t\t\t\t\t<div class=\"ova-service service_version_4\" style=\"background-image: url(https:\/\/romanticcavehotel.com\/wp-content\/uploads\/2024\/10\/ozel-kahlvati.jpg); min-height:270px \">\n\t\t\t\t<a id=\"etkinlik-tiklanabilirlik\" href=\"\"  target=&quot;_blank&quot; class=\"overlay  active-background \">\n\t\t\t\t\t<div class=\"content\">\n\t\t\t\t\t\t<div class=\"icon-service\">\n\t\t\t\t\t\t\t<i class=\"\"><\/i>\n\t\t\t\t\t\t<\/div>\n\t\t\t\t\t\t<h3 class=\"service-title second_font\">\u00d6zel Kahvalt\u0131<\/h3>\n\t\t\t\t\t\t\t\t\t\t\t<\/div>\n\t\t\t\t<\/a>\n\t\t\t<\/div>\n\n\t\t\t\t<\/div>\n\t\t\t\t<\/div>\n\t\t\t\t\t<\/div>\n\t\t<\/div>\n\t\t\t\t<div class=\"elementor-column elementor-col-33 elementor-top-column elementor-element elementor-element-b5a72c1\" data-id=\"b5a72c1\" data-element_type=\"column\">\n\t\t\t<div class=\"elementor-widget-wrap\">\n\t\t\t\t\t\t\t<\/div>\n\t\t<\/div>\n\t\t\t\t\t<\/div>\n\t\t<\/section>\n\t\t\t\t<\/div>\n\t\t","protected":false},"excerpt":{"rendered":"<p>G\u00fcnl\u00fck Gezi Masaj Servisi Piknik Balon Turu At Turu Seramik Kursu Atv Turu \u00d6zel Kahvalt\u0131<\/p>\n","protected":false},"author":1,"featured_media":0,"parent":0,"menu_order":0,"comment_status":"closed","ping_status":"closed","template":"elementor_header_footer","meta":{"footnotes":""},"class_list":["post-7047","page","type-page","status-publish","hentry"],"_links":{"self":[{"href":"https:\/\/romanticcavehotel.com\/index.php\/wp-json\/wp\/v2\/pages\/7047","targetHints":{"allow":["GET"]}}],"collection":[{"href":"https:\/\/romanticcavehotel.com\/index.php\/wp-json\/wp\/v2\/pages"}],"about":[{"href":"https:\/\/romanticcavehotel.com\/index.php\/wp-json\/wp\/v2\/types\/page"}],"author":[{"embeddable":true,"href":"https:\/\/romanticcavehotel.com\/index.php\/wp-json\/wp\/v2\/users\/1"}],"replies":[{"embeddable":true,"href":"https:\/\/romanticcavehotel.com\/index.php\/wp-json\/wp\/v2\/comments?post=7047"}],"version-history":[{"count":37,"href":"https:\/\/romanticcavehotel.com\/index.php\/wp-json\/wp\/v2\/pages\/7047\/revisions"}],"predecessor-version":[{"id":7221,"href":"https:\/\/romanticcavehotel.com\/index.php\/wp-json\/wp\/v2\/pages\/7047\/revisions\/7221"}],"wp:attachment":[{"href":"https:\/\/romanticcavehotel.com\/index.php\/wp-json\/wp\/v2\/media?parent=7047"}],"curies":[{"name":"wp","href":"https:\/\/api.w.org\/{rel}","templated":true}]}}