{"id":7177,"date":"2024-10-02T06:26:19","date_gmt":"2024-10-02T06:26:19","guid":{"rendered":"https:\/\/romanticcavehotel.com\/?post_type=product&#038;p=7177"},"modified":"2026-04-07T21:32:54","modified_gmt":"2026-04-07T21:32:54","slug":"osiana","status":"publish","type":"product","link":"https:\/\/romanticcavehotel.com\/index.php\/product\/osiana\/","title":{"rendered":"OS\u0130ANA"},"content":{"rendered":"<p>Romantic Cave\u2019de, \u00fccretsiz Wi-Fi imkan\u0131, lezzetli kahvalt\u0131m\u0131z ve 24 saat hizmet veren resepsiyonumuz ile g\u00fcn\u00fcn her saati sessiz ve huzurlu bir ortamda tatilinizin keyfini \u00e7\u0131kar\u0131n. Ayr\u0131ca, \u00f6nceden bildirdi\u011finiz takdirde havaalan\u0131 transferi, g\u00fcnl\u00fck geziler ve balon turlar\u0131 da organize edilmektedir.<\/p>\n","protected":false},"excerpt":{"rendered":"<p>Romantic Cave\u2019de, \u00fccretsiz Wi-Fi imkan\u0131, lezzetli kahvalt\u0131m\u0131z ve 24 saat hizmet veren resepsiyonumuz ile g\u00fcn\u00fcn her saati sessiz ve huzurlu bir ortamda tatilinizin keyfini \u00e7\u0131kar\u0131n.<\/p>\n","protected":false},"featured_media":7179,"comment_status":"closed","ping_status":"closed","template":"","meta":[],"product_cat":[46],"product_tag":[],"class_list":{"0":"post-7177","1":"product","2":"type-product","3":"status-publish","4":"has-post-thumbnail","6":"product_cat-odalar","8":"first","9":"instock","10":"shipping-taxable","11":"product-type-ovacrs_car_rental"},"_links":{"self":[{"href":"https:\/\/romanticcavehotel.com\/index.php\/wp-json\/wp\/v2\/product\/7177","targetHints":{"allow":["GET"]}}],"collection":[{"href":"https:\/\/romanticcavehotel.com\/index.php\/wp-json\/wp\/v2\/product"}],"about":[{"href":"https:\/\/romanticcavehotel.com\/index.php\/wp-json\/wp\/v2\/types\/product"}],"replies":[{"embeddable":true,"href":"https:\/\/romanticcavehotel.com\/index.php\/wp-json\/wp\/v2\/comments?post=7177"}],"wp:featuredmedia":[{"embeddable":true,"href":"https:\/\/romanticcavehotel.com\/index.php\/wp-json\/wp\/v2\/media\/7179"}],"wp:attachment":[{"href":"https:\/\/romanticcavehotel.com\/index.php\/wp-json\/wp\/v2\/media?parent=7177"}],"wp:term":[{"taxonomy":"product_cat","embeddable":true,"href":"https:\/\/romanticcavehotel.com\/index.php\/wp-json\/wp\/v2\/product_cat?post=7177"},{"taxonomy":"product_tag","embeddable":true,"href":"https:\/\/romanticcavehotel.com\/index.php\/wp-json\/wp\/v2\/product_tag?post=7177"}],"curies":[{"name":"wp","href":"https:\/\/api.w.org\/{rel}","templated":true}]}}